{"id":925,"date":"2020-06-14T19:05:09","date_gmt":"2020-06-14T19:05:09","guid":{"rendered":"http:\/\/jonathandeoliveira.com\/?page_id=925"},"modified":"2021-05-24T15:08:07","modified_gmt":"2021-05-24T15:08:07","slug":"about","status":"publish","type":"page","link":"https:\/\/jonathandeoliveira.com\/pt\/about\/","title":{"rendered":"Sobre"},"content":{"rendered":"<div data-elementor-type=\"wp-page\" data-elementor-id=\"925\" class=\"elementor elementor-925\">\r\n\t\t\t\t\t\t<div class=\"elementor-inner\">\r\n\t\t\t\t<div class=\"elementor-section-wrap\">\r\n\t\t\t\t\t\t\t\t\t<section class=\"elementor-section elementor-top-section elementor-element elementor-element-dccb741 elementor-section-boxed elementor-section-height-default elementor-section-height-default\" data-id=\"dccb741\" data-element_type=\"section\">\r\n\t\t\t\t\t\t<div class=\"elementor-container elementor-column-gap-default\">\r\n\t\t\t\t\t\t\t<div class=\"elementor-row\">\r\n\t\t\t\t\t<div class=\"elementor-column elementor-col-100 elementor-top-column elementor-element elementor-element-0333abb\" data-id=\"0333abb\" data-element_type=\"column\">\r\n\t\t\t<div class=\"elementor-column-wrap elementor-element-populated\">\r\n\t\t\t\t\t\t\t<div class=\"elementor-widget-wrap\">\r\n\t\t\t\t\t\t<div class=\"elementor-element elementor-element-a1787e7 elementor-widget-divider--view-line elementor-widget elementor-widget-divider\" data-id=\"a1787e7\" data-element_type=\"widget\" data-widget_type=\"divider.default\">\r\n\t\t\t\t<div class=\"elementor-widget-container\">\r\n\t\t\t\t\t<div class=\"elementor-divider\">\r\n\t\t\t<span class=\"elementor-divider-separator\">\r\n\t\t\t\t\t\t<\/span>\r\n\t\t<\/div>\r\n\t\t\t\t<\/div>\r\n\t\t\t\t<\/div>\r\n\t\t\t\t\t\t<\/div>\r\n\t\t\t\t\t<\/div>\r\n\t\t<\/div>\r\n\t\t\t\t\t\t\t\t<\/div>\r\n\t\t\t\t\t<\/div>\r\n\t\t<\/section>\r\n\t\t\t\t<section class=\"elementor-section elementor-top-section elementor-element elementor-element-4e62e5e elementor-section-stretched elementor-section-full_width elementor-section-height-default elementor-section-height-default\" data-id=\"4e62e5e\" data-element_type=\"section\" data-settings=\"{&quot;stretch_section&quot;:&quot;section-stretched&quot;}\">\r\n\t\t\t\t\t\t<div class=\"elementor-container elementor-column-gap-default\">\r\n\t\t\t\t\t\t\t<div class=\"elementor-row\">\r\n\t\t\t\t\t<div class=\"elementor-column elementor-col-50 elementor-top-column elementor-element elementor-element-728bbad\" data-id=\"728bbad\" data-element_type=\"column\">\r\n\t\t\t<div class=\"elementor-column-wrap elementor-element-populated\">\r\n\t\t\t\t\t\t\t<div class=\"elementor-widget-wrap\">\r\n\t\t\t\t\t\t<div class=\"elementor-element elementor-element-c95e51b elementor-widget elementor-widget-image\" data-id=\"c95e51b\" data-element_type=\"widget\" data-widget_type=\"image.default\">\r\n\t\t\t\t<div class=\"elementor-widget-container\">\r\n\t\t\t\t\t\t\t\t<div class=\"elementor-image\">\r\n\t\t\t\t\t\t\t\t\t\t\t\t<img decoding=\"async\" width=\"684\" height=\"1024\" src=\"https:\/\/jonathandeoliveira.com\/wp-content\/uploads\/2020\/05\/J1-1-684x1024.jpg\" class=\"attachment-large size-large wp-image-98\" alt=\"Jonathan Taylor de Oliveira - Full Body Shot\" loading=\"lazy\" srcset=\"https:\/\/jonathandeoliveira.com\/wp-content\/uploads\/2020\/05\/J1-1-684x1024.jpg 684w, https:\/\/jonathandeoliveira.com\/wp-content\/uploads\/2020\/05\/J1-1-200x300.jpg 200w, https:\/\/jonathandeoliveira.com\/wp-content\/uploads\/2020\/05\/J1-1-768x1150.jpg 768w, https:\/\/jonathandeoliveira.com\/wp-content\/uploads\/2020\/05\/J1-1-1026x1536.jpg 1026w, https:\/\/jonathandeoliveira.com\/wp-content\/uploads\/2020\/05\/J1-1-1368x2048.jpg 1368w, https:\/\/jonathandeoliveira.com\/wp-content\/uploads\/2020\/05\/J1-1-scaled.jpg 1710w\" sizes=\"(max-width: 684px) 100vw, 684px\" \/>\t\t\t\t\t\t\t\t\t\t\t\t\t\t<\/div>\r\n\t\t\t\t\t\t<\/div>\r\n\t\t\t\t<\/div>\r\n\t\t\t\t\t\t<\/div>\r\n\t\t\t\t\t<\/div>\r\n\t\t<\/div>\r\n\t\t\t\t<div class=\"elementor-column elementor-col-50 elementor-top-column elementor-element elementor-element-61fa92b\" data-id=\"61fa92b\" data-element_type=\"column\">\r\n\t\t\t<div class=\"elementor-column-wrap elementor-element-populated\">\r\n\t\t\t\t\t\t\t<div class=\"elementor-widget-wrap\">\r\n\t\t\t\t\t\t<div class=\"elementor-element elementor-element-0dfeffa elementor-widget elementor-widget-text-editor\" data-id=\"0dfeffa\" data-element_type=\"widget\" data-widget_type=\"text-editor.default\">\r\n\t\t\t\t<div class=\"elementor-widget-container\">\r\n\t\t\t\t\t\t\t\t<div class=\"elementor-text-editor elementor-clearfix\">\r\n\t\t\t\t<p><strong>Jonathan<\/strong> began his piano studies at the Music School of An\u00e1polis, later studying privately with Dr. Carlos Costa. He achieved a Bachelor of Music and a Master of Music degree, both in piano performance, from the Federal University of Goi\u00e1s. His interest in research and New Music led him to pursue a doctoral degree at Bowling Green State University (BGSU), in Bowling Green \u2013 OH, where he is a Graduate Teaching Assistant and studies piano performance with a focus on New Music, under Dr. Solungga Liu. As a pianist, he is involved with solo performance as well as chamber music and accompaniment. He has won first and third prizes at the <em>Concurso Nacional de Piano \"Orestes Farinello\"<\/em> e terceiro lugar no <em>Concurso \"Jovens Talentos da EMAC\".<\/em> Como pesquisador, ele tem feito apresenta\u00e7\u00f5es orais em congressos pelo Brasil, tais como o <em>XIII Semin\u00e1rio Nacional de Pesquisa em M\u00fasica da Universidade Federal de Goi\u00e1s, <\/em>o <em>23o Congresso de Pesquisa em P\u00f3s-gradua\u00e7\u00e3o,<\/em>e <em>PERFORMA 2013 - Performance Musical e Pesquisa Art\u00edstica.<\/em>Jonathan tamb\u00e9m tem desenvolvido atividades como professor de piano, tendo lecionado na Escola de M\u00fasica de An\u00e1polis, servido como estagi\u00e1rio na UFG durante seu mestrado, e agora como \"Graduate Teaching Assistant\" em BGSU. Sua paix\u00e3o por pedagogia do piano e pela m\u00fasica contempor\u00e2nea est\u00e3o refletidos na sua pesquisa de tese de doutorado, entitulada \"Os Efeitos do Aprendizado de Pe\u00e7as Contempor\u00e2neas Publicadas e Comissionadas Sobre a Prefer\u00eancia de Performance de Alunos de Gradua\u00e7\u00e3o em Piano: Uma Compara\u00e7\u00e3o de Duas Abordagens\". Jonathan tem participado de masterclasses com Viktor Chouchkov (Bulgaria), Pierre Ferraux (Fran\u00e7a), Luciane Cardassi (Brasil\/Canad\u00e1) e Robert Palmer (EUA). Seus professores incluem Dr. Luiz Medalha Filho, Dra. Ana Fl\u00e1via Fraz\u00e3o, e Dr. Carlos Costa.<\/p>\t\t\t\t\t<\/div>\r\n\t\t\t\t\t\t<\/div>\r\n\t\t\t\t<\/div>\r\n\t\t\t\t\t\t<\/div>\r\n\t\t\t\t\t<\/div>\r\n\t\t<\/div>\r\n\t\t\t\t\t\t\t\t<\/div>\r\n\t\t\t\t\t<\/div>\r\n\t\t<\/section>\r\n\t\t\t\t\t\t\t\t\t<\/div>\r\n\t\t\t<\/div>\r\n\t\t\t\t\t<\/div>","protected":false},"excerpt":{"rendered":"<p>Jonathan began his piano studies at the Music School of An\u00e1polis, later studying privately with Dr. Carlos Costa. He achieved a Bachelor of Music and a Master of Music degree, both in piano performance, from the Federal University of Goi\u00e1s. His interest in research and New Music led him to pursue a doctoral degree at [&hellip;]<\/p>","protected":false},"author":1,"featured_media":0,"parent":0,"menu_order":0,"comment_status":"closed","ping_status":"closed","template":"","meta":{"_mi_skip_tracking":false},"_links":{"self":[{"href":"https:\/\/jonathandeoliveira.com\/pt\/wp-json\/wp\/v2\/pages\/925"}],"collection":[{"href":"https:\/\/jonathandeoliveira.com\/pt\/wp-json\/wp\/v2\/pages"}],"about":[{"href":"https:\/\/jonathandeoliveira.com\/pt\/wp-json\/wp\/v2\/types\/page"}],"author":[{"embeddable":true,"href":"https:\/\/jonathandeoliveira.com\/pt\/wp-json\/wp\/v2\/users\/1"}],"replies":[{"embeddable":true,"href":"https:\/\/jonathandeoliveira.com\/pt\/wp-json\/wp\/v2\/comments?post=925"}],"version-history":[{"count":17,"href":"https:\/\/jonathandeoliveira.com\/pt\/wp-json\/wp\/v2\/pages\/925\/revisions"}],"predecessor-version":[{"id":1047,"href":"https:\/\/jonathandeoliveira.com\/pt\/wp-json\/wp\/v2\/pages\/925\/revisions\/1047"}],"wp:attachment":[{"href":"https:\/\/jonathandeoliveira.com\/pt\/wp-json\/wp\/v2\/media?parent=925"}],"curies":[{"name":"wp","href":"https:\/\/api.w.org\/{rel}","templated":true}]}}